{"id":5186,"date":"2025-08-08T22:46:18","date_gmt":"2025-08-08T22:46:18","guid":{"rendered":"https:\/\/vt7networksinc.com\/?post_type=product&#038;p=5186"},"modified":"2025-08-08T22:46:18","modified_gmt":"2025-08-08T22:46:18","slug":"xiaomi-redmi-note-14-pro-5g-12gb-ram-512gb","status":"publish","type":"product","link":"https:\/\/vt7networksinc.com\/?product=xiaomi-redmi-note-14-pro-5g-12gb-ram-512gb","title":{"rendered":"Xiaomi Redmi Note 14 Pro 5G (12GB RAM + 512GB)"},"content":{"rendered":"<div id=\"title_feature_div\" class=\"celwidget\" data-feature-name=\"title\" data-csa-c-type=\"widget\" data-csa-c-content-id=\"title\" data-csa-c-slot-id=\"title_feature_div\" data-csa-c-asin=\"B0DSWGH89C\" data-csa-c-is-in-initial-active-row=\"false\" data-cel-widget=\"title_feature_div\" data-csa-c-id=\"nvkhk-jb07u2-ddey29-ujxy5z\">\n<div id=\"titleSection\" class=\"a-section a-spacing-none\">\n<h1 id=\"title\" class=\"a-size-large a-spacing-none\"><span id=\"productTitle\" class=\"a-size-large product-title-word-break\">Xiaomi Redmi Note 14 Pro 5G + 4G LTE (for Tmobile Mint Tello & Global) (512GB + 12GB) NFC 6.67\u2033 120Hz 200MP Pro AI Camera Model 24090RA29G Unlocked Dual Sim (Lavender Purple)<\/span><\/h1>\n<p>About this item<br \/>\nUSA MARKET ONLY WORK ON TMOBILE MINT TELLO OR ANY UNDER TMOBILE NETWORK PHONE NEEDS A SIM CARD ALREADY ACTIVATED ,OUTSIDE USA WORKS ANY GSM CARRIER SIM GSM FCC Dual SIM (NoT MICRO SD SLOT) 5G: n1\/2\/3\/5\/7\/8\/20\/28\/38\/40\/41\/48\/66\/77\/78 \/ 4G: LTE FDD:1\/2\/3\/4\/5\/7\/8\/12\/13\/17\/18\/19\/20\/26\/28\/32\/66 \u2014 4G: LTE TDD:38\/40\/41\/42\/48 \u2014 3G: 1\/2\/4\/5\/6\/8\/19 \u2014 2G Quad Band<br \/>\n6.67\u2033 CrystalRes AMOLED displayResolution: 2712 x 1220 (1.5K resolution)Refresh rate: Up to 120HzTouch sampling rate: Up to 480HzBrightness: 3000nits peak brightnessColor depth: 12bitContrast ratio: 5,000,000:1DCI-P3 wide color gamutCorning Gorilla Glass Victus 2Supports Dolby VisionReading mode1920Hz PWM dimming\uff5c20,000-level brightness adjustment\uff5cHDR10+ | T\u00dcV Rheinland Low Blue Light (Hardware Solution) Certified | T\u00dcV Rheinland Flicker Free Certified | T\u00dcV Rheinland Circadian Friendly Certified<br \/>\nMediaTek Dimensity 7300-Ultra4nm manufacturing processCPU: Octa-core processor, up to 2.5GHzGPU: Mali-G615 MC2<br \/>\n200MP main cameraOISf\/1.6516-in-1 binning into one large 2.24\u03bcm pixel1\/1.4\u201d sensor size7P lens8MP ultra-wide cameraf\/2.22MP macro cameraf\/2.4Dynamic shots | Motion tracking focus | Lightning Burst | filmFrame | Portraits | Document | Night mode | Dual video | Steady videoRear camera video recording4K at 24\/30fps1080p at 30\/60fps720p at 30fpsSlow motion: 1080p at 120fpsSlow motion: 720p at 120\/240fps \u2013 20MP front cameraf\/2.2Soft-light ring | AI beautify | Night mode | Portrait mode | Palm Shutter | Selfie timerFront camera video recording1080p at 30\/60fps720p at 30fps<br \/>\nIn-screen fingerprint sensorAI Face Unlock \/ Beidou:B1I\uff5cGPS:L1\uff5cGalileo:E1 \u2013 GLONASS:G1\uff5cQZSS:L1 | A-GPS supplementary positioning \u2013 Wireless network | Data network|\uff5cSensor Assisted Positioning<\/p>\n<\/div>\n<\/div>\n<div id=\"bylineInfo_feature_div\" class=\"celwidget\" data-feature-name=\"bylineInfo\" data-csa-c-type=\"widget\" data-csa-c-content-id=\"bylineInfo\" data-csa-c-slot-id=\"bylineInfo_feature_div\" data-csa-c-asin=\"B0DSWGH89C\" data-csa-c-is-in-initial-active-row=\"false\" data-cel-widget=\"bylineInfo_feature_div\" data-csa-c-id=\"hnoy0u-rc75i1-xzwxps-rhvjsn\"><\/div>\n","protected":false},"excerpt":{"rendered":"<p>Xiaomi Redmi Note 14 Pro 5G + 4G LTE (for Tmobile Mint Tello &#038; Global) (512GB + 12GB) NFC 6.67\u2033 120Hz 200MP Pro AI Camera Model 24090RA29G Unlocked Dual Sim (Lavender Purple) About this item USA MARKET ONLY WORK ON TMOBILE MINT TELLO OR ANY UNDER TMOBILE NETWORK PHONE NEEDS A SIM CARD ALREADY ACTIVATED&hellip;<\/p>\n","protected":false},"featured_media":5187,"comment_status":"open","ping_status":"closed","template":"","meta":[],"product_cat":[124],"product_tag":[],"class_list":{"0":"post-5186","1":"product","2":"type-product","3":"status-publish","4":"has-post-thumbnail","6":"product_brand-xiaomi","7":"product_cat-smartphones","9":"first","10":"instock","11":"shipping-taxable","12":"purchasable","13":"product-type-simple","14":"col-xs-6 col-sm-4","15":"col-mf-5","16":"un-5-cols"},"_links":{"self":[{"href":"https:\/\/vt7networksinc.com\/index.php?rest_route=\/wp\/v2\/product\/5186","targetHints":{"allow":["GET"]}}],"collection":[{"href":"https:\/\/vt7networksinc.com\/index.php?rest_route=\/wp\/v2\/product"}],"about":[{"href":"https:\/\/vt7networksinc.com\/index.php?rest_route=\/wp\/v2\/types\/product"}],"replies":[{"embeddable":true,"href":"https:\/\/vt7networksinc.com\/index.php?rest_route=%2Fwp%2Fv2%2Fcomments&post=5186"}],"wp:featuredmedia":[{"embeddable":true,"href":"https:\/\/vt7networksinc.com\/index.php?rest_route=\/wp\/v2\/media\/5187"}],"wp:attachment":[{"href":"https:\/\/vt7networksinc.com\/index.php?rest_route=%2Fwp%2Fv2%2Fmedia&parent=5186"}],"wp:term":[{"taxonomy":"product_cat","embeddable":true,"href":"https:\/\/vt7networksinc.com\/index.php?rest_route=%2Fwp%2Fv2%2Fproduct_cat&post=5186"},{"taxonomy":"product_tag","embeddable":true,"href":"https:\/\/vt7networksinc.com\/index.php?rest_route=%2Fwp%2Fv2%2Fproduct_tag&post=5186"}],"curies":[{"name":"wp","href":"https:\/\/api.w.org\/{rel}","templated":true}]}}